{"id":1493,"date":"2020-09-28T14:33:09","date_gmt":"2020-09-28T12:33:09","guid":{"rendered":"http:\/\/www.idona.sk\/sluzby-2\/"},"modified":"2021-02-05T17:01:17","modified_gmt":"2021-02-05T16:01:17","slug":"leistungen","status":"publish","type":"page","link":"https:\/\/www.idona.sk\/de\/leistungen\/","title":{"rendered":"LEISTUNGEN"},"content":{"rendered":"<div class=\"wpb-content-wrapper\"><p>[vc_row full_width=&#8220;stretch_row_content_no_spaces&#8220; content_placement=&#8220;middle&#8220; remove_padding=&#8220;no-padding-vc-row&#8220; css=&#8220;.vc_custom_1601452856651{margin-top: 0px !important;margin-bottom: 0px !important;padding-top: 0px !important;padding-bottom: 0px !important;background-color: #dcdad6 !important;}&#8220; el_id=&#8220;projektMng&#8220;][vc_column width=&#8220;6\/12&#8243; el_class=&#8220;projektMng&#8220; css=&#8220;.vc_custom_1601297478416{padding-top: 0px !important;padding-right: 0px !important;padding-bottom: 0px !important;padding-left: 0px !important;background-color: rgba(0,0,0,0.6) !important;*background-color: rgb(0,0,0) !important;}&#8220; offset=&#8220;vc_hidden-xs&#8220;][vc_single_image image=&#8220;926&#8243; img_size=&#8220;50&#215;800&#8243; alignment=&#8220;right&#8220; css=&#8220;.vc_custom_1601452906991{margin-top: 0px !important;margin-right: 0px !important;margin-bottom: 0px !important;margin-left: 0px !important;padding-top: 0px !important;padding-right: 0px !important;padding-bottom: 0px !important;padding-left: 0px !important;}&#8220; el_class=&#8220;arrowfloatR&#8220;][vc_column_text css_animation=&#8220;bounceIn&#8220; css=&#8220;.vc_custom_1604414050677{margin-top: 0px !important;margin-bottom: 15px !important;}&#8220; el_id=&#8220;iconLeft&#8220; el_class=&#8220;mobileHide&#8220;]<img decoding=\"async\" class=\"style-svg alignright\" src=\"\/wp-content\/uploads\/2020\/11\/projektMng.svg\" alt=\"\" width=\"100px\" height=\"100px\" \/>[\/vc_column_text][vc_empty_space height=&#8220;325px&#8220;][vc_column_text el_class=&#8220;serviceName&#8220; css=&#8220;.vc_custom_1611917718160{margin-bottom: 15px !important;}&#8220; el_id=&#8220;white&#8220;]<\/p>\n<p style=\"text-align: center;\">projektmanagement<\/p>\n<p>[\/vc_column_text][vc_column_text css_animation=&#8220;zoomIn&#8220; el_class=&#8220;subHead&#8220; css=&#8220;.vc_custom_1611917777972{margin-bottom: 15px !important;}&#8220; el_id=&#8220;white&#8220;]<\/p>\n<p style=\"text-align: center;\">PROJEKTVORBEREITUNG UND -STEUERUNG<\/p>\n<p>[\/vc_column_text][\/vc_column][vc_column width=&#8220;1\/12&#8243; offset=&#8220;vc_hidden-md vc_hidden-sm vc_hidden-xs&#8220;][\/vc_column][vc_column width=&#8220;4\/12&#8243; css=&#8220;.vc_custom_1599738912095{padding-right: 15px !important;padding-left: 15px !important;}&#8220; el_class=&#8220;prodColumn&#8220;][vc_empty_space height=&#8220;40px&#8220; el_class=&#8220;mobileView&#8220;][vc_column_text css_animation=&#8220;bounceIn&#8220; css=&#8220;.vc_custom_1604413154180{margin-top: 0px !important;margin-bottom: 15px !important;}&#8220; el_class=&#8220;mobileView&#8220;]<img decoding=\"async\" class=\"style-svg aligncenter\" src=\"\/wp-content\/uploads\/2020\/11\/projektMng.svg\" alt=\"\" width=\"50px\" height=\"50px\" \/>[\/vc_column_text][vc_column_text el_class=&#8220;realName&#8220; css=&#8220;.vc_custom_1611917708774{margin-bottom: 15px !important;}&#8220; el_id=&#8220;mobileView&#8220;]<\/p>\n<p style=\"text-align: center;\">projektmanagement<\/p>\n<p>[\/vc_column_text][vc_column_text el_class=&#8220;subHead&#8220; css=&#8220;.vc_custom_1611917767487{margin-bottom: 15px !important;}&#8220; el_id=&#8220;mobileView&#8220;]<\/p>\n<p style=\"text-align: center;\">PROJEKTVORBEREITUNG UND -STEUERUNG<\/p>\n<p>[\/vc_column_text][vc_single_image image=&#8220;852&#8243; img_size=&#8220;740&#215;360&#8243; alignment=&#8220;center&#8220; el_class=&#8220;mobileView&#8220; css=&#8220;.vc_custom_1601296916727{margin-bottom: 15px !important;}&#8220;][vc_column_text css=&#8220;.vc_custom_1612540289870{margin-bottom: 15px !important;}&#8220;]<span class=\"subHeadthin\">WIR VERF\u00dcGEN \u00dcBER EIN GUT ORGANISIERTES TEAM UND SYSTEM DER PROJEKTSTEUERUNG.<\/span><\/p>\n<p>Wir sind uns bewusst, wie wichtig ein effektiver und kostenorientierter Prozess der Realisierung jedes Projekts ist. Unsere Projektmanager sind sprachlich ausgestattet (deutsch, englisch). Sie wurden geschult, jedes Schritt zu planen, vorsorglich zu steuern und nach dem vorgegebenen Zeitplan alle zusammenarbeitenden Subjekte so zu koordinieren, damit das Projekt reibungslos und rechtzeitig abgegeben werden kann. Ein individueller Einsatz ist ein selbstverst\u00e4ndlicher Bestandteil unserer Arbeit.[\/vc_column_text][vc_empty_space height=&#8220;40px&#8220; el_class=&#8220;mobileView&#8220;][\/vc_column][vc_column width=&#8220;1\/12&#8243; offset=&#8220;vc_hidden-md vc_hidden-sm vc_hidden-xs&#8220;][\/vc_column][\/vc_row][vc_row full_width=&#8220;stretch_row_content_no_spaces&#8220; content_placement=&#8220;middle&#8220; remove_padding=&#8220;no-padding-vc-row&#8220; css=&#8220;.vc_custom_1608552408851{margin-top: 0px !important;margin-bottom: 0px !important;padding-top: 0px !important;padding-bottom: 0px !important;}&#8220; el_id=&#8220;produktion&#8220;][vc_column width=&#8220;1\/12&#8243; offset=&#8220;vc_hidden-md vc_hidden-sm vc_hidden-xs&#8220;][\/vc_column][vc_column width=&#8220;4\/12&#8243; css=&#8220;.vc_custom_1599738927449{padding-right: 15px !important;padding-left: 15px !important;}&#8220; el_class=&#8220;prodColumn&#8220;][vc_empty_space height=&#8220;40px&#8220; el_class=&#8220;mobileView&#8220;][vc_single_image image=&#8220;947&#8243; img_size=&#8220;50&#215;50&#8243; alignment=&#8220;center&#8220; css_animation=&#8220;bounceIn&#8220; el_class=&#8220;mobileView&#8220; css=&#8220;.vc_custom_1601470504728{margin-bottom: 15px !important;}&#8220;][vc_column_text el_class=&#8220;realName&#8220; css=&#8220;.vc_custom_1608541226397{margin-bottom: 15px !important;}&#8220; el_id=&#8220;mobileView&#8220;]<\/p>\n<p style=\"text-align: center;\">produktion<\/p>\n<p>[\/vc_column_text][vc_column_text el_class=&#8220;subHead&#8220; css=&#8220;.vc_custom_1611917997935{margin-bottom: 15px !important;}&#8220; el_id=&#8220;mobileView&#8220;]<\/p>\n<p style=\"text-align: center;\">TECHNOLOGIEN UND ERFAHRUNGEN<\/p>\n<p>[\/vc_column_text][vc_single_image image=&#8220;863&#8243; img_size=&#8220;740&#215;360&#8243; alignment=&#8220;center&#8220; el_class=&#8220;mobileView&#8220; css=&#8220;.vc_custom_1601300285349{margin-bottom: 15px !important;}&#8220;][vc_column_text css=&#8220;.vc_custom_1612540280908{margin-bottom: 15px !important;}&#8220;]<span class=\"subHeadthin\">UNSERE PRODUKTION ERF\u00dcLLT ALLE ANSPR\u00dcCHE DER H\u00d6CHSTEN QUALIT\u00c4T MIT AKZENT AUF DETAIL. DIE QUALIT\u00c4TSKONTROLLE UND EIGENVERANTWORTLICHKEIT FEHLEN AUF KEINEM LEVEL DES PRODUKTIONSPROZESSES.<\/span><\/p>\n<p>Der moderne Maschinenpark und breites Kooperationsnetz mit zuverl\u00e4ssigen Partnern erm\u00f6glicht uns die Realisierung von Auftr\u00e4gen in gr\u00f6\u00dften Volumen in vertragsvereinbarten Terminen. Aus den angegebenen Gr\u00fcnden sind wir jahrelang f\u00e4hig, die zahlreichen anspruchsvollen Projekte f\u00fcr heimische sowie ausl\u00e4ndische Klientel durchzuziehen. Dem Produktionsmilieu dominieren CNC-Technologien, wobei ein Bestandteil unserer Produktion auch aus Metall- und Polsterm\u00f6belproduktion, Bearbeitung vom Glas und Kunststein besteht.[\/vc_column_text][vc_empty_space height=&#8220;30px&#8220;]<div class=\"owl-carousel row-carousel arrow-style-1 \" data-items=\"2\" data-loop=\"false\" data-margin=\"10\" data-center=\"true\" data-stage-padding=\"30\" data-start-position=\"1\" data-dots=\"true\" data-touch-drag=\"true\" data-mouse-drag=\"true\" data-autoplay-hover-pause=\"true\" data-nav=\"false\" data-autoplay-timeout=\"3000\" data-autoplay=\"true\" data-animate-in=\"false\" data-animate-out=\"false\"><div><a class=\"prettyphoto\" href=\"https:\/\/www.idona.sk\/wp-content\/uploads\/2020\/09\/IMG_0136-1024x683.jpg\" data-rel=\"swipeBox-gallery-cHJldHR5UGhvdG9bcmVsLTE0OTMtMTE5MjE0MDAyMF0=\" data-rl_title=\"\" data-rl_caption=\"\"><img decoding=\"async\" class=\"\" src=\"https:\/\/www.idona.sk\/wp-content\/uploads\/2020\/09\/IMG_0136-350x210.jpg\" width=\"350\" height=\"210\" alt=\"\" title=\"\" loading=\"lazy\" \/><\/a><\/div><div><a class=\"prettyphoto\" href=\"https:\/\/www.idona.sk\/wp-content\/uploads\/2020\/09\/IMG_0152-1024x683.jpg\" data-rel=\"swipeBox-gallery-cHJldHR5UGhvdG9bcmVsLTE0OTMtMTE5MjE0MDAyMF0=\" data-rl_title=\"\" data-rl_caption=\"\"><img decoding=\"async\" class=\"\" src=\"https:\/\/www.idona.sk\/wp-content\/uploads\/2020\/09\/IMG_0152-350x210.jpg\" width=\"350\" height=\"210\" alt=\"\" title=\"\" loading=\"lazy\" \/><\/a><\/div><div><a class=\"prettyphoto\" href=\"https:\/\/www.idona.sk\/wp-content\/uploads\/2020\/09\/IMG_0162-1024x683.jpg\" data-rel=\"swipeBox-gallery-cHJldHR5UGhvdG9bcmVsLTE0OTMtMTE5MjE0MDAyMF0=\" data-rl_title=\"\" data-rl_caption=\"\"><img decoding=\"async\" class=\"\" src=\"https:\/\/www.idona.sk\/wp-content\/uploads\/2020\/09\/IMG_0162-350x210.jpg\" width=\"350\" height=\"210\" alt=\"\" title=\"\" loading=\"lazy\" \/><\/a><\/div><div><a class=\"prettyphoto\" href=\"https:\/\/www.idona.sk\/wp-content\/uploads\/2020\/09\/IMG_0192-1024x683.jpg\" data-rel=\"swipeBox-gallery-cHJldHR5UGhvdG9bcmVsLTE0OTMtMTE5MjE0MDAyMF0=\" data-rl_title=\"\" data-rl_caption=\"\"><img decoding=\"async\" class=\"\" src=\"https:\/\/www.idona.sk\/wp-content\/uploads\/2020\/09\/IMG_0192-350x210.jpg\" width=\"350\" height=\"210\" alt=\"\" title=\"\" loading=\"lazy\" \/><\/a><\/div><div><a class=\"prettyphoto\" href=\"https:\/\/www.idona.sk\/wp-content\/uploads\/2020\/09\/IMG_0248-1024x683.jpg\" data-rel=\"swipeBox-gallery-cHJldHR5UGhvdG9bcmVsLTE0OTMtMTE5MjE0MDAyMF0=\" data-rl_title=\"\" data-rl_caption=\"\"><img decoding=\"async\" class=\"\" src=\"https:\/\/www.idona.sk\/wp-content\/uploads\/2020\/09\/IMG_0248-350x210.jpg\" width=\"350\" height=\"210\" alt=\"\" title=\"\" loading=\"lazy\" \/><\/a><\/div><div><a class=\"prettyphoto\" href=\"https:\/\/www.idona.sk\/wp-content\/uploads\/2020\/09\/IMG_0288-1024x683.jpg\" data-rel=\"swipeBox-gallery-cHJldHR5UGhvdG9bcmVsLTE0OTMtMTE5MjE0MDAyMF0=\" data-rl_title=\"\" data-rl_caption=\"\"><img decoding=\"async\" class=\"\" src=\"https:\/\/www.idona.sk\/wp-content\/uploads\/2020\/09\/IMG_0288-350x210.jpg\" width=\"350\" height=\"210\" alt=\"\" title=\"\" loading=\"lazy\" \/><\/a><\/div><div><a class=\"prettyphoto\" href=\"https:\/\/www.idona.sk\/wp-content\/uploads\/2020\/09\/IMG_0361-1024x683.jpg\" data-rel=\"swipeBox-gallery-cHJldHR5UGhvdG9bcmVsLTE0OTMtMTE5MjE0MDAyMF0=\" data-rl_title=\"\" data-rl_caption=\"\"><img decoding=\"async\" class=\"\" src=\"https:\/\/www.idona.sk\/wp-content\/uploads\/2020\/09\/IMG_0361-350x210.jpg\" width=\"350\" height=\"210\" alt=\"\" title=\"\" loading=\"lazy\" \/><\/a><\/div><div><a class=\"prettyphoto\" href=\"https:\/\/www.idona.sk\/wp-content\/uploads\/2020\/09\/IMG_0381-1024x683.jpg\" data-rel=\"swipeBox-gallery-cHJldHR5UGhvdG9bcmVsLTE0OTMtMTE5MjE0MDAyMF0=\" data-rl_title=\"\" data-rl_caption=\"\"><img decoding=\"async\" class=\"\" src=\"https:\/\/www.idona.sk\/wp-content\/uploads\/2020\/09\/IMG_0381-350x210.jpg\" width=\"350\" height=\"210\" alt=\"\" title=\"\" loading=\"lazy\" \/><\/a><\/div><div><a class=\"prettyphoto\" href=\"https:\/\/www.idona.sk\/wp-content\/uploads\/2020\/09\/IMG_1266-683x1024.jpg\" data-rel=\"swipeBox-gallery-cHJldHR5UGhvdG9bcmVsLTE0OTMtMTE5MjE0MDAyMF0=\" data-rl_title=\"\" data-rl_caption=\"\"><img decoding=\"async\" class=\"\" src=\"https:\/\/www.idona.sk\/wp-content\/uploads\/2020\/09\/IMG_1266-350x210.jpg\" width=\"350\" height=\"210\" alt=\"\" title=\"\" loading=\"lazy\" \/><\/a><\/div><\/div>[vc_empty_space height=&#8220;30px&#8220;][vc_btn title=&#8220;VIDEO &#8211; Tag der offenen T\u00fcren&#8220; style=&#8220;outline-custom&#8220; outline_custom_color=&#8220;#a8a49a&#8220; outline_custom_hover_background=&#8220;#e30613&#8243; outline_custom_hover_text=&#8220;#ffffff&#8220; shape=&#8220;square&#8220; align=&#8220;center&#8220; i_icon_fontawesome=&#8220;fab fa-youtube&#8220; add_icon=&#8220;true&#8220; link=&#8220;url:https%3A%2F%2Fwww.youtube.com%2Fembed%2Fy_9P8rlOHq0%3Frel%3D0%26wmode%3Dtransparent%20_blank|target:_blank&#8220;][vc_empty_space height=&#8220;40px&#8220; el_class=&#8220;mobileView&#8220;][\/vc_column][vc_column width=&#8220;1\/12&#8243; offset=&#8220;vc_hidden-md vc_hidden-sm vc_hidden-xs&#8220;][\/vc_column][vc_column width=&#8220;6\/12&#8243; el_class=&#8220;vyroba&#8220; css=&#8220;.vc_custom_1601300551342{padding-top: 0px !important;padding-right: 0px !important;padding-bottom: 0px !important;padding-left: 0px !important;background-color: rgba(0,0,0,0.6) !important;*background-color: rgb(0,0,0) !important;}&#8220; offset=&#8220;vc_hidden-xs&#8220;][vc_single_image image=&#8220;929&#8243; img_size=&#8220;50&#215;800&#8243; css=&#8220;.vc_custom_1601453231560{margin-top: 0px !important;margin-right: 0px !important;margin-bottom: 0px !important;padding-top: 0px !important;padding-right: 0px !important;padding-bottom: 0px !important;}&#8220; el_class=&#8220;arrowfloatL&#8220;][vc_single_image image=&#8220;947&#8243; img_size=&#8220;full&#8220; css_animation=&#8220;bounceIn&#8220; el_class=&#8220;mobileHide&#8220; el_id=&#8220;iconRight&#8220;][vc_empty_space height=&#8220;225px&#8220;][vc_column_text el_class=&#8220;serviceName&#8220; css=&#8220;.vc_custom_1608541239591{margin-bottom: 15px !important;}&#8220; el_id=&#8220;white&#8220;]<\/p>\n<p style=\"text-align: center;\">produktion<\/p>\n<p>[\/vc_column_text][vc_column_text css_animation=&#8220;zoomIn&#8220; el_class=&#8220;subHead&#8220; css=&#8220;.vc_custom_1611918018490{margin-bottom: 15px !important;}&#8220; el_id=&#8220;white&#8220;]<\/p>\n<p style=\"text-align: center;\">TECHNOLOGIEN UND ERFAHRUNGEN<\/p>\n<p>[\/vc_column_text][\/vc_column][\/vc_row][vc_row full_width=&#8220;stretch_row_content_no_spaces&#8220; content_placement=&#8220;middle&#8220; remove_padding=&#8220;no-padding-vc-row&#8220; css=&#8220;.vc_custom_1608552419165{margin-top: 0px !important;margin-bottom: 0px !important;padding-top: 0px !important;padding-bottom: 0px !important;background-color: #dcdad6 !important;}&#8220; el_id=&#8220;montage&#8220;][vc_column width=&#8220;6\/12&#8243; el_class=&#8220;montaz&#8220; css=&#8220;.vc_custom_1601303667743{padding-top: 0px !important;padding-right: 0px !important;padding-bottom: 0px !important;padding-left: 0px !important;background-color: rgba(0,0,0,0.6) !important;*background-color: rgb(0,0,0) !important;}&#8220; offset=&#8220;vc_hidden-xs&#8220;][vc_single_image image=&#8220;926&#8243; img_size=&#8220;50&#215;800&#8243; alignment=&#8220;right&#8220; css=&#8220;.vc_custom_1601452906991{margin-top: 0px !important;margin-right: 0px !important;margin-bottom: 0px !important;margin-left: 0px !important;padding-top: 0px !important;padding-right: 0px !important;padding-bottom: 0px !important;padding-left: 0px !important;}&#8220; el_class=&#8220;arrowfloatR&#8220;][vc_single_image image=&#8220;950&#8243; img_size=&#8220;full&#8220; alignment=&#8220;right&#8220; css_animation=&#8220;bounceIn&#8220; el_class=&#8220;mobileHide&#8220; el_id=&#8220;iconLeft&#8220;][vc_empty_space height=&#8220;225px&#8220;][vc_column_text el_class=&#8220;serviceName&#8220; css=&#8220;.vc_custom_1608541452033{margin-bottom: 15px !important;}&#8220; el_id=&#8220;white&#8220;]<\/p>\n<p style=\"text-align: center;\">montage<\/p>\n<p>[\/vc_column_text][vc_column_text css_animation=&#8220;zoomIn&#8220; el_class=&#8220;subHead&#8220; css=&#8220;.vc_custom_1611918113484{margin-bottom: 15px !important;}&#8220; el_id=&#8220;white&#8220;]<\/p>\n<p style=\"text-align: center;\">PROFESSIONALIT\u00c4T AUF ALLEN LEVELS<\/p>\n<p>[\/vc_column_text][\/vc_column][vc_column width=&#8220;1\/12&#8243; offset=&#8220;vc_hidden-md vc_hidden-sm vc_hidden-xs&#8220;][\/vc_column][vc_column width=&#8220;4\/12&#8243; css=&#8220;.vc_custom_1599738912095{padding-right: 15px !important;padding-left: 15px !important;}&#8220; el_class=&#8220;prodColumn&#8220;][vc_empty_space height=&#8220;40px&#8220; el_class=&#8220;mobileView&#8220;][vc_single_image image=&#8220;950&#8243; img_size=&#8220;50&#215;50&#8243; alignment=&#8220;center&#8220; css_animation=&#8220;bounceIn&#8220; el_class=&#8220;mobileView&#8220; css=&#8220;.vc_custom_1601470559679{margin-bottom: 15px !important;}&#8220;][vc_column_text el_class=&#8220;realName&#8220; css=&#8220;.vc_custom_1608541441844{margin-bottom: 15px !important;}&#8220; el_id=&#8220;mobileView&#8220;]<\/p>\n<p style=\"text-align: center;\">montage<\/p>\n<p>[\/vc_column_text][vc_column_text el_class=&#8220;subHead&#8220; css=&#8220;.vc_custom_1611918125559{margin-bottom: 15px !important;}&#8220; el_id=&#8220;mobileView&#8220;]<\/p>\n<p style=\"text-align: center;\">PROFESSIONALIT\u00c4T AUF ALLEN LEVELS<\/p>\n<p>[\/vc_column_text][vc_single_image image=&#8220;510&#8243; img_size=&#8220;740&#215;360&#8243; alignment=&#8220;center&#8220; el_class=&#8220;mobileView&#8220; css=&#8220;.vc_custom_1601303807769{margin-bottom: 15px !important;}&#8220;][vc_column_text css=&#8220;.vc_custom_1612540719042{margin-bottom: 15px !important;}&#8220;]<span class=\"subHeadthin\">UNSER TEAM VON MONTEUREN UND MITARBEITERN HALTET SICH AN REGELN DES PROJEKTMANAGEMENTS UND DER ENTGEGENKOMMENDEN KOMMUNIKATION.<\/span><\/p>\n<p>Professionell ausgef\u00fchrte Montage verkn\u00fcpft pr\u00e4zise Produktion mit Akzent auf das finale Detail.<br \/>\nDie Fremdsprachenkenntnisse und Erfahrungen aus internationalen Projektenn geh\u00f6ren zur pers\u00f6nlichen Ausstattung unserer Mitarbeiter.[\/vc_column_text][vc_empty_space height=&#8220;40px&#8220; el_class=&#8220;mobileView&#8220;][\/vc_column][vc_column width=&#8220;1\/12&#8243; offset=&#8220;vc_hidden-md vc_hidden-sm vc_hidden-xs&#8220; css=&#8220;.vc_custom_1600693790251{margin-right: -50px !important;margin-left: -50px !important;}&#8220;][\/vc_column][\/vc_row][vc_row full_width=&#8220;stretch_row_content_no_spaces&#8220; content_placement=&#8220;middle&#8220; remove_padding=&#8220;no-padding-vc-row&#8220; css=&#8220;.vc_custom_1608552455224{margin-top: 0px !important;margin-bottom: 0px !important;padding-top: 0px !important;padding-bottom: 0px !important;}&#8220; el_id=&#8220;beratung&#8220;][vc_column width=&#8220;1\/12&#8243; offset=&#8220;vc_hidden-md vc_hidden-sm vc_hidden-xs&#8220;][\/vc_column][vc_column width=&#8220;4\/12&#8243; css=&#8220;.vc_custom_1599738927449{padding-right: 15px !important;padding-left: 15px !important;}&#8220; el_class=&#8220;prodColumn&#8220;][vc_empty_space height=&#8220;40px&#8220; el_class=&#8220;mobileView&#8220;][vc_single_image image=&#8220;949&#8243; img_size=&#8220;50&#215;50&#8243; alignment=&#8220;center&#8220; css_animation=&#8220;bounceIn&#8220; el_class=&#8220;mobileView&#8220; css=&#8220;.vc_custom_1601470577751{margin-bottom: 15px !important;}&#8220;][vc_column_text el_class=&#8220;realName&#8220; css=&#8220;.vc_custom_1608541928885{margin-bottom: 15px !important;}&#8220; el_id=&#8220;mobileView&#8220;]<\/p>\n<p style=\"text-align: center;\">beratung<\/p>\n<p>[\/vc_column_text][vc_column_text el_class=&#8220;subHead&#8220; css=&#8220;.vc_custom_1611918230348{margin-bottom: 15px !important;}&#8220; el_id=&#8220;mobileView&#8220;]<\/p>\n<p style=\"text-align: center;\">KORREKTE PARTNERSCHAFT UND EFFEKTIVIT\u00c4T<\/p>\n<p>[\/vc_column_text][vc_single_image image=&#8220;876&#8243; img_size=&#8220;740&#215;360&#8243; alignment=&#8220;center&#8220; el_class=&#8220;mobileView&#8220; css=&#8220;.vc_custom_1601304387353{margin-bottom: 15px !important;}&#8220;][vc_column_text css=&#8220;.vc_custom_1612540633176{margin-bottom: 15px !important;}&#8220;]<span class=\"subHeadthin\">DAS WESEN EINES ERFOLGREICHEN PROJEKTS LIEGT IN DEN DETAILS. WIR BRINGEN DIE KREATIVEN H\u00c4NDE DES ARCHITEKTEN MIT DEN PRODUKTIONSM\u00d6GLICHKEITEN IN EINKLANG, UM EIN STILLVOLLES INTERIEUR ZU BILDEN.<\/span><\/p>\n<p>Unser Team von erfahrenen Spezialisten stellt die neuesten qualitativen und exakten L\u00f6sungen sicher. Innerhalb unserer professionellen Beratung gew\u00e4hrleisten wir Value Engineering (cost hunting \u2013 Selektion der g\u00fcnstigsten \u00f6konomischen M\u00f6glichkeiten).[\/vc_column_text][vc_empty_space height=&#8220;60px&#8220; el_class=&#8220;mobileView&#8220;][\/vc_column][vc_column width=&#8220;1\/12&#8243; offset=&#8220;vc_hidden-md vc_hidden-sm vc_hidden-xs&#8220;][\/vc_column][vc_column width=&#8220;6\/12&#8243; el_class=&#8220;poradenstvo&#8220; css=&#8220;.vc_custom_1601304421911{padding-top: 0px !important;padding-right: 0px !important;padding-bottom: 0px !important;padding-left: 0px !important;background-color: rgba(0,0,0,0.6) !important;*background-color: rgb(0,0,0) !important;}&#8220; offset=&#8220;vc_hidden-xs&#8220;][vc_single_image image=&#8220;929&#8243; img_size=&#8220;50&#215;800&#8243; css=&#8220;.vc_custom_1601453231560{margin-top: 0px !important;margin-right: 0px !important;margin-bottom: 0px !important;padding-top: 0px !important;padding-right: 0px !important;padding-bottom: 0px !important;}&#8220; el_class=&#8220;arrowfloatL&#8220;][vc_single_image image=&#8220;949&#8243; img_size=&#8220;full&#8220; css_animation=&#8220;bounceIn&#8220; el_class=&#8220;mobileHide&#8220; el_id=&#8220;iconRight&#8220;][vc_empty_space height=&#8220;225px&#8220;][vc_column_text el_class=&#8220;serviceName&#8220; css=&#8220;.vc_custom_1608541938588{margin-bottom: 15px !important;}&#8220; el_id=&#8220;white&#8220;]<\/p>\n<p style=\"text-align: center;\">beratung<\/p>\n<p>[\/vc_column_text][vc_column_text css_animation=&#8220;zoomIn&#8220; el_class=&#8220;subHead&#8220; css=&#8220;.vc_custom_1611918243350{margin-bottom: 15px !important;}&#8220; el_id=&#8220;white&#8220;]<\/p>\n<p style=\"text-align: center;\">KORREKTE PARTNERSCHAFT UND EFFEKTIVIT\u00c4T<\/p>\n<p>[\/vc_column_text][\/vc_column][\/vc_row]<\/p>\n<\/div>","protected":false},"excerpt":{"rendered":"<p>[vc_row full_width=&#8220;stretch_row_content_no_spaces&#8220; content_placement=&#8220;middle&#8220; remove_padding=&#8220;no-padding-vc-row&#8220; css=&#8220;.vc_custom_1601452856651{margin-top: 0px !important;margin-bottom: 0px !important;padding-top: 0px !important;padding-bottom: 0px !important;background-color: #dcdad6 !important;}&#8220; el_id=&#8220;projektMng&#8220;][vc_column width=&#8220;6\/12&#8243; el_class=&#8220;projektMng&#8220; css=&#8220;.vc_custom_1601297478416{padding-top: 0px !important;padding-right: 0px !important;padding-bottom: 0px !important;padding-left: 0px !important;background-color: rgba(0,0,0,0.6) !important;*background-color: rgb(0,0,0) !important;}&#8220; offset=&#8220;vc_hidden-xs&#8220;][vc_single_image image=&#8220;926&#8243; img_size=&#8220;50&#215;800&#8243; alignment=&#8220;right&#8220; css=&#8220;.vc_custom_1601452906991{margin-top: 0px !important;margin-right: 0px !important;margin-bottom:&#8230;<\/p>\n","protected":false},"author":1,"featured_media":0,"parent":0,"menu_order":0,"comment_status":"closed","ping_status":"open","template":"","meta":{"inline_featured_image":false,"footnotes":""},"class_list":["post-1493","page","type-page","status-publish","hentry"],"_links":{"self":[{"href":"https:\/\/www.idona.sk\/de\/wp-json\/wp\/v2\/pages\/1493","targetHints":{"allow":["GET"]}}],"collection":[{"href":"https:\/\/www.idona.sk\/de\/wp-json\/wp\/v2\/pages"}],"about":[{"href":"https:\/\/www.idona.sk\/de\/wp-json\/wp\/v2\/types\/page"}],"author":[{"embeddable":true,"href":"https:\/\/www.idona.sk\/de\/wp-json\/wp\/v2\/users\/1"}],"replies":[{"embeddable":true,"href":"https:\/\/www.idona.sk\/de\/wp-json\/wp\/v2\/comments?post=1493"}],"version-history":[{"count":11,"href":"https:\/\/www.idona.sk\/de\/wp-json\/wp\/v2\/pages\/1493\/revisions"}],"predecessor-version":[{"id":3217,"href":"https:\/\/www.idona.sk\/de\/wp-json\/wp\/v2\/pages\/1493\/revisions\/3217"}],"wp:attachment":[{"href":"https:\/\/www.idona.sk\/de\/wp-json\/wp\/v2\/media?parent=1493"}],"curies":[{"name":"wp","href":"https:\/\/api.w.org\/{rel}","templated":true}]}}